{"id":2494,"date":"2024-08-19T17:56:44","date_gmt":"2024-08-19T17:56:44","guid":{"rendered":"https:\/\/www.oxgoal.com\/?page_id=2494"},"modified":"2024-08-19T18:03:33","modified_gmt":"2024-08-19T18:03:33","slug":"aviso-legal","status":"publish","type":"page","link":"https:\/\/oxgoal.com\/pt\/mentions\/","title":{"rendered":"Informa\u00e7\u00e3o jur\u00eddica"},"content":{"rendered":"<div data-elementor-type=\"wp-page\" data-elementor-id=\"2494\" class=\"elementor elementor-2494\" data-elementor-post-type=\"page\">\n\t\t\t\t<div class=\"elementor-element elementor-element-212f910 e-flex e-con-boxed e-con e-parent\" data-id=\"212f910\" data-element_type=\"container\" data-e-type=\"container\">\n\t\t\t\t\t<div class=\"e-con-inner\">\n\t\t\t\t<div class=\"elementor-element elementor-element-05fa6c8 elementor-widget elementor-widget-heading\" data-id=\"05fa6c8\" data-element_type=\"widget\" data-e-type=\"widget\" data-widget_type=\"heading.default\">\n\t\t\t\t\t<h1 class=\"elementor-heading-title elementor-size-default\">Informa\u00e7\u00e3o jur\u00eddica<\/h1>\t\t\t\t<\/div>\n\t\t\t\t\t<\/div>\n\t\t\t\t<\/div>\n\t\t<div class=\"elementor-element elementor-element-d7ffbde e-flex e-con-boxed e-con e-parent\" data-id=\"d7ffbde\" data-element_type=\"container\" data-e-type=\"container\">\n\t\t\t\t\t<div class=\"e-con-inner\">\n\t\t\t\t<div class=\"elementor-element elementor-element-5b4e3d8 elementor-widget elementor-widget-text-editor\" data-id=\"5b4e3d8\" data-element_type=\"widget\" data-e-type=\"widget\" data-widget_type=\"text-editor.default\">\n\t\t\t\t\t\t\t\t\t<p><strong>Informa\u00e7\u00f5es sobre o editor do site<\/strong><\/p><ul><li class=\"translation-block\">Nome da empresa: OXGOAL<\/li><li class=\"translation-block\">Forma jur\u00eddica: SAS<\/li><li><strong>Capital social<\/strong> : 5000\u20ac<\/li><li><strong>Sede<\/strong> 41 Rue de la Loire 44430 Le Loroux Bottereau<\/li><li><strong>N\u00famero de registo<\/strong> SIRET 927 619 692 00019 - RCS Nantes<\/li><li><strong>N\u00famero de IVA intracomunit\u00e1rio<\/strong> FR 929 276 196 92<\/li><li><strong>Diretor de publica\u00e7\u00e3o<\/strong> Nicolas MENARD<\/li><\/ul><p><strong>Hospedagem do site<\/strong><\/p><ul><li><strong>Nome do provedor<\/strong> 02 INTERRUPTOR<\/li><li><strong>Endere\u00e7o<\/strong> Chemin des Pardiaux 63000 Clermont-Ferrand<\/li><li><strong>Correio eletr\u00f3nico<\/strong> : support@o2switch.fr<\/li><\/ul><p><strong>Contato<\/strong><\/p><ul><li><strong>E-mail<\/strong> : contact@oxgoal.com<\/li><\/ul><p><strong>Propriedade intelectual<\/strong><\/p><p class=\"translation-block\">Todos os elementos gr\u00e1ficos, a estrutura e, de forma geral, o conte\u00fado do site oxgoal.com est\u00e3o protegidos por direitos autorais, direitos de marcas registradas e leis de patentes. Qualquer reprodu\u00e7\u00e3o, representa\u00e7\u00e3o, modifica\u00e7\u00e3o, publica\u00e7\u00e3o ou adapta\u00e7\u00e3o de todos ou parte dos elementos do site, por qualquer meio ou processo, \u00e9 proibida sem autoriza\u00e7\u00e3o pr\u00e9via por escrito da OXGOAL.<\/p><p><strong>Limita\u00e7\u00e3o de responsabilidade<\/strong><\/p><p class=\"translation-block\">O utilizador do site oxgoal.com reconhece que possui as compet\u00eancias e os meios necess\u00e1rios para acessar e utilizar este site. A OXGOAL n\u00e3o pode ser responsabilizada por danos diretos ou indiretos causados ao equipamento do utilizador durante o acesso ao site.<\/p><p><strong>Prote\u00e7\u00e3o de dados pessoais<\/strong><\/p><p class=\"translation-block\">A Oxgoal compromete-se a garantir que a recolha e o tratamento dos seus dados, realizados atrav\u00e9s do site <a href=\"https:\/\/oxgoal.com\/pt\/\" target=\"_self\">oxgoal.com<\/a>, est\u00e3o em conformidade com o Regulamento Geral de Prote\u00e7\u00e3o de Dados (RGPD). Para mais informa\u00e7\u00f5es, consulte a nossa <a href=\"https:\/\/oxgoal.com\/pt\/confidencialidade\/\" target=\"_self\">Pol\u00edtica de Privacidade<\/a>.<\/p><p><strong>Lei aplic\u00e1vel e jurisdi\u00e7\u00e3o competente<\/strong><\/p><p>As presentes men\u00e7\u00f5es legais s\u00e3o regidas pela lei francesa. Em caso de lit\u00edgio, e ap\u00f3s o insucesso de qualquer tentativa de encontrar uma solu\u00e7\u00e3o amig\u00e1vel, apenas os tribunais franceses ter\u00e3o jurisdi\u00e7\u00e3o sobre este lit\u00edgio.<\/p>\t\t\t\t\t\t\t\t<\/div>\n\t\t\t\t\t<\/div>\n\t\t\t\t<\/div>\n\t\t\t\t<\/div>","protected":false},"excerpt":{"rendered":"<p>Mentions L\u00e9gales 1. Informations sur l&rsquo;\u00e9diteur du site Nom de l&rsquo;entreprise : OXGOAL Forme juridique : SAS Capital social : 5000\u20ac Si\u00e8ge social : 41 Rue de la Loire 44430 Le Loroux Bottereau Num\u00e9ro d&rsquo;immatriculation :\u00a0 SIRET 927 619 692 00019 &#8211; RCS de Nantes Num\u00e9ro de TVA intracommunautaire : FR 929 276 196 92 [&hellip;]<\/p>\n","protected":false},"author":1,"featured_media":0,"parent":0,"menu_order":0,"comment_status":"closed","ping_status":"closed","template":"","meta":{"footnotes":""},"class_list":["post-2494","page","type-page","status-publish","hentry","entry","owp-thumbs-layout-horizontal","owp-btn-big","owp-tabs-layout-horizontal","has-no-thumbnails","has-product-nav"],"aioseo_notices":[],"_links":{"self":[{"href":"https:\/\/oxgoal.com\/pt\/wp-json\/wp\/v2\/pages\/2494","targetHints":{"allow":["GET"]}}],"collection":[{"href":"https:\/\/oxgoal.com\/pt\/wp-json\/wp\/v2\/pages"}],"about":[{"href":"https:\/\/oxgoal.com\/pt\/wp-json\/wp\/v2\/types\/page"}],"author":[{"embeddable":true,"href":"https:\/\/oxgoal.com\/pt\/wp-json\/wp\/v2\/users\/1"}],"replies":[{"embeddable":true,"href":"https:\/\/oxgoal.com\/pt\/wp-json\/wp\/v2\/comments?post=2494"}],"version-history":[{"count":0,"href":"https:\/\/oxgoal.com\/pt\/wp-json\/wp\/v2\/pages\/2494\/revisions"}],"wp:attachment":[{"href":"https:\/\/oxgoal.com\/pt\/wp-json\/wp\/v2\/media?parent=2494"}],"curies":[{"name":"wp","href":"https:\/\/api.w.org\/{rel}","templated":true}]}}