{"id":1607,"date":"2024-05-21T14:04:22","date_gmt":"2024-05-21T14:04:22","guid":{"rendered":"https:\/\/www.oxgoal.com\/?page_id=1607"},"modified":"2024-05-24T13:19:11","modified_gmt":"2024-05-24T13:19:11","slug":"informacao-juridica","status":"publish","type":"page","link":"https:\/\/oxgoal.com\/pt\/oxgoal-feuilles-electrostatiques-football\/mentions-legales\/","title":{"rendered":"Informa\u00e7\u00e3o jur\u00eddica"},"content":{"rendered":"<div data-elementor-type=\"wp-page\" data-elementor-id=\"1607\" class=\"elementor elementor-1607\" data-elementor-post-type=\"page\">\n\t\t\t\t<div class=\"elementor-element elementor-element-dd521e5 e-flex e-con-boxed e-con e-parent\" data-id=\"dd521e5\" data-element_type=\"container\" data-e-type=\"container\">\n\t\t\t\t\t<div class=\"e-con-inner\">\n\t\t\t\t<div class=\"elementor-element elementor-element-5178a40 elementor-widget elementor-widget-heading\" data-id=\"5178a40\" data-element_type=\"widget\" data-e-type=\"widget\" data-widget_type=\"heading.default\">\n\t\t\t\t\t<h1 class=\"elementor-heading-title elementor-size-default\">Informa\u00e7\u00e3o jur\u00eddica<\/h1>\t\t\t\t<\/div>\n\t\t\t\t\t<\/div>\n\t\t\t\t<\/div>\n\t\t<div class=\"elementor-element elementor-element-3a5b916 e-flex e-con-boxed e-con e-parent\" data-id=\"3a5b916\" data-element_type=\"container\" data-e-type=\"container\">\n\t\t\t\t\t<div class=\"e-con-inner\">\n\t\t\t\t<div class=\"elementor-element elementor-element-a69e0b9 elementor-widget elementor-widget-text-editor\" data-id=\"a69e0b9\" data-element_type=\"widget\" data-e-type=\"widget\" data-widget_type=\"text-editor.default\">\n\t\t\t\t\t\t\t\t\t<p><strong>Propriedade do s\u00edtio<\/strong> <br \/>O s\u00edtio Web <a href=\"https:\/\/oxgoal.com\/pt\/\" target=\"_new\" rel=\"noreferrer\">www.oxgoal.com<\/a> \u00e9 propriedade da OXGOAL, com sede social em 41 Rue de la Loire, 44430 Le Loroux-Bottereau.<\/p><p><strong>Responsabilidade editorial<\/strong> <br \/>O diretor da publica\u00e7\u00e3o deste s\u00edtio \u00e9 o Sr. Nicolas MENARD, na sua qualidade de Diretor.<\/p><p><strong>Alojamento<\/strong> <br \/>Este s\u00edtio \u00e9 alojado por 02switch.<\/p><p><strong>Propriedade intelectual<\/strong> <br \/>O conjunto do conte\u00fado deste s\u00edtio est\u00e1 protegido pela legisla\u00e7\u00e3o francesa e internacional em mat\u00e9ria de direitos de autor e de propriedade intelectual. Todos os direitos reservados. Qualquer reprodu\u00e7\u00e3o ou representa\u00e7\u00e3o, mesmo parcial, \u00e9 proibida sem autoriza\u00e7\u00e3o pr\u00e9via por escrito da OXGOAL.<\/p><p><strong>Comiss\u00e3o Nacional para as Tecnologias da Informa\u00e7\u00e3o e as Liberdades C\u00edvicas<\/strong> <br \/>De acordo com a regulamenta\u00e7\u00e3o em vigor, este s\u00edtio est\u00e1 isento de declara\u00e7\u00e3o \u00e0 CNIL.<\/p><p><strong>Prote\u00e7\u00e3o dos dados pessoais<\/strong> <br \/>Em conformidade com a lei francesa de prote\u00e7\u00e3o de dados de 6 de janeiro de 1978, alterada, tem o direito de aceder, modificar, retificar e apagar os dados que lhe dizem respeito. Para exercer este direito, contacte-nos para o seguinte endere\u00e7o <a target=\"_new\" rel=\"noreferrer\">contact@oxgoal.com<\/a>.<\/p><p><strong>Pol\u00edtica de privacidade<\/strong> <br \/>Ao navegar no nosso s\u00edtio, o utilizador autoriza a recolha de informa\u00e7\u00f5es relativas \u00e0 sua navega\u00e7\u00e3o, com o objetivo de melhorar a sua experi\u00eancia de utilizador. Se desejar opor-se a esta recolha, contacte-nos.<\/p>\t\t\t\t\t\t\t\t<\/div>\n\t\t\t\t\t<\/div>\n\t\t\t\t<\/div>\n\t\t\t\t<\/div>","protected":false},"excerpt":{"rendered":"<p>Mentions L\u00e9gales Propri\u00e9t\u00e9 du site Le site www.oxgoal.com est la propri\u00e9t\u00e9 de la soci\u00e9t\u00e9 OXGOAL, dont le si\u00e8ge social est situ\u00e9 au 41 Rue de la Loire, 44430 Le Loroux-Bottereau. Responsabilit\u00e9 \u00e9ditoriale Le directeur de la publication du pr\u00e9sent site est Monsieur Nicolas MENARD, en sa qualit\u00e9 de Directeur. H\u00e9bergement L\u2019h\u00e9bergement du pr\u00e9sent site est [&hellip;]<\/p>\n","protected":false},"author":2,"featured_media":0,"parent":1374,"menu_order":0,"comment_status":"closed","ping_status":"closed","template":"","meta":{"footnotes":""},"class_list":["post-1607","page","type-page","status-publish","hentry","entry","owp-thumbs-layout-horizontal","owp-btn-big","owp-tabs-layout-horizontal","has-no-thumbnails","has-product-nav"],"aioseo_notices":[],"_links":{"self":[{"href":"https:\/\/oxgoal.com\/pt\/wp-json\/wp\/v2\/pages\/1607","targetHints":{"allow":["GET"]}}],"collection":[{"href":"https:\/\/oxgoal.com\/pt\/wp-json\/wp\/v2\/pages"}],"about":[{"href":"https:\/\/oxgoal.com\/pt\/wp-json\/wp\/v2\/types\/page"}],"author":[{"embeddable":true,"href":"https:\/\/oxgoal.com\/pt\/wp-json\/wp\/v2\/users\/2"}],"replies":[{"embeddable":true,"href":"https:\/\/oxgoal.com\/pt\/wp-json\/wp\/v2\/comments?post=1607"}],"version-history":[{"count":0,"href":"https:\/\/oxgoal.com\/pt\/wp-json\/wp\/v2\/pages\/1607\/revisions"}],"up":[{"embeddable":true,"href":"https:\/\/oxgoal.com\/pt\/wp-json\/wp\/v2\/pages\/1374"}],"wp:attachment":[{"href":"https:\/\/oxgoal.com\/pt\/wp-json\/wp\/v2\/media?parent=1607"}],"curies":[{"name":"wp","href":"https:\/\/api.w.org\/{rel}","templated":true}]}}