{"id":1607,"date":"2024-05-21T14:04:22","date_gmt":"2024-05-21T14:04:22","guid":{"rendered":"https:\/\/www.oxgoal.com\/?page_id=1607"},"modified":"2024-05-24T13:19:11","modified_gmt":"2024-05-24T13:19:11","slug":"informazioni-legali","status":"publish","type":"page","link":"https:\/\/oxgoal.com\/it\/oxgoal-feuilles-electrostatiques-football\/mentions-legales\/","title":{"rendered":"Informazioni legali"},"content":{"rendered":"<div data-elementor-type=\"wp-page\" data-elementor-id=\"1607\" class=\"elementor elementor-1607\" data-elementor-post-type=\"page\">\n\t\t\t\t<div class=\"elementor-element elementor-element-dd521e5 e-flex e-con-boxed e-con e-parent\" data-id=\"dd521e5\" data-element_type=\"container\" data-e-type=\"container\">\n\t\t\t\t\t<div class=\"e-con-inner\">\n\t\t\t\t<div class=\"elementor-element elementor-element-5178a40 elementor-widget elementor-widget-heading\" data-id=\"5178a40\" data-element_type=\"widget\" data-e-type=\"widget\" data-widget_type=\"heading.default\">\n\t\t\t\t\t<h1 class=\"elementor-heading-title elementor-size-default\">Informazioni legali<\/h1>\t\t\t\t<\/div>\n\t\t\t\t\t<\/div>\n\t\t\t\t<\/div>\n\t\t<div class=\"elementor-element elementor-element-3a5b916 e-flex e-con-boxed e-con e-parent\" data-id=\"3a5b916\" data-element_type=\"container\" data-e-type=\"container\">\n\t\t\t\t\t<div class=\"e-con-inner\">\n\t\t\t\t<div class=\"elementor-element elementor-element-a69e0b9 elementor-widget elementor-widget-text-editor\" data-id=\"a69e0b9\" data-element_type=\"widget\" data-e-type=\"widget\" data-widget_type=\"text-editor.default\">\n\t\t\t\t\t\t\t\t\t<p><strong>Propriet\u00e0 del sito<\/strong> <br \/>Il sito web <a href=\"https:\/\/oxgoal.com\/it\/\" target=\"_new\" rel=\"noreferrer\">www.oxgoal.com<\/a> \u00e8 di propriet\u00e0 di OXGOAL, con sede legale in 41 Rue de la Loire, 44430 Le Loroux-Bottereau.<\/p><p><strong>Responsabilit\u00e0 editoriale<\/strong> <br \/>Il direttore della pubblicazione di questo sito \u00e8 il sig. Nicolas MENARD, in qualit\u00e0 di direttore.<\/p><p><strong>Hosting<\/strong> <br \/>Questo sito \u00e8 ospitato da 02switch.<\/p><p><strong>Propriet\u00e0 intellettuale<\/strong> <br \/>L'intero contenuto di questo sito \u00e8 protetto dalla legislazione francese e internazionale sul diritto d'autore e sulla propriet\u00e0 intellettuale. Tutti i diritti sono riservati. Qualsiasi riproduzione o rappresentazione, anche parziale, \u00e8 vietata senza la preventiva autorizzazione scritta di OXGOAL.<\/p><p><strong>Commissione nazionale per le tecnologie dell'informazione e le libert\u00e0 civili<\/strong> <br \/>In conformit\u00e0 alla normativa vigente, questo sito \u00e8 esente dalla dichiarazione alla CNIL.<\/p><p><strong>Protezione dei dati personali<\/strong> <br \/>Ai sensi della legge francese modificata sulla protezione dei dati personali del 6 gennaio 1978, l'utente ha il diritto di accedere, modificare, rettificare e cancellare i dati che lo riguardano. Per esercitare questo diritto, vi preghiamo di contattarci al seguente indirizzo <a target=\"_new\" rel=\"noreferrer\">contact@oxgoal.com<\/a>.<\/p><p><strong>Informativa sulla privacy<\/strong> <br \/>Navigando sul nostro sito, l'utente acconsente alla raccolta di informazioni relative alla sua navigazione, con l'obiettivo di migliorare la sua esperienza di utente. Se desiderate opporvi a questa raccolta, contattateci.<\/p>\t\t\t\t\t\t\t\t<\/div>\n\t\t\t\t\t<\/div>\n\t\t\t\t<\/div>\n\t\t\t\t<\/div>","protected":false},"excerpt":{"rendered":"<p>Mentions L\u00e9gales Propri\u00e9t\u00e9 du site Le site www.oxgoal.com est la propri\u00e9t\u00e9 de la soci\u00e9t\u00e9 OXGOAL, dont le si\u00e8ge social est situ\u00e9 au 41 Rue de la Loire, 44430 Le Loroux-Bottereau. Responsabilit\u00e9 \u00e9ditoriale Le directeur de la publication du pr\u00e9sent site est Monsieur Nicolas MENARD, en sa qualit\u00e9 de Directeur. H\u00e9bergement L\u2019h\u00e9bergement du pr\u00e9sent site est [&hellip;]<\/p>\n","protected":false},"author":2,"featured_media":0,"parent":1374,"menu_order":0,"comment_status":"closed","ping_status":"closed","template":"","meta":{"footnotes":""},"class_list":["post-1607","page","type-page","status-publish","hentry","entry","owp-thumbs-layout-horizontal","owp-btn-big","owp-tabs-layout-horizontal","has-no-thumbnails","has-product-nav"],"aioseo_notices":[],"_links":{"self":[{"href":"https:\/\/oxgoal.com\/it\/wp-json\/wp\/v2\/pages\/1607","targetHints":{"allow":["GET"]}}],"collection":[{"href":"https:\/\/oxgoal.com\/it\/wp-json\/wp\/v2\/pages"}],"about":[{"href":"https:\/\/oxgoal.com\/it\/wp-json\/wp\/v2\/types\/page"}],"author":[{"embeddable":true,"href":"https:\/\/oxgoal.com\/it\/wp-json\/wp\/v2\/users\/2"}],"replies":[{"embeddable":true,"href":"https:\/\/oxgoal.com\/it\/wp-json\/wp\/v2\/comments?post=1607"}],"version-history":[{"count":0,"href":"https:\/\/oxgoal.com\/it\/wp-json\/wp\/v2\/pages\/1607\/revisions"}],"up":[{"embeddable":true,"href":"https:\/\/oxgoal.com\/it\/wp-json\/wp\/v2\/pages\/1374"}],"wp:attachment":[{"href":"https:\/\/oxgoal.com\/it\/wp-json\/wp\/v2\/media?parent=1607"}],"curies":[{"name":"wp","href":"https:\/\/api.w.org\/{rel}","templated":true}]}}