{"id":3918,"date":"2025-02-18T23:00:25","date_gmt":"2025-02-18T23:00:25","guid":{"rendered":"https:\/\/www.oxgoal.com\/?post_type=product&#038;p=3918"},"modified":"2025-07-29T23:03:41","modified_gmt":"2025-07-29T23:03:41","slug":"medio-espacio","status":"publish","type":"product","link":"https:\/\/oxgoal.com\/es\/half-space-demi-espace\/","title":{"rendered":"Rollo de 25 Hojas de F\u00fatbol de Medio Espacio"},"content":{"rendered":"<style>\n  .justified-text {<br \/>    text-align: justify;<br \/>  }<br \/>  .justified-text ul {<br \/>    padding-left: 20px;<br \/>  }<br \/>  .justified-text li {<br \/>    margin-bottom: 0.5em;<br \/>  }\ufeff<br \/>  .justified-text p {<br \/>    margin-bottom: 1em;<br \/>  }<br \/><\/style>\n<h2>Caracter\u00edsticas T\u00e9cnicas<\/h2>\n<ul>\n<li><strong>Material :<\/strong> Pel\u00edcula PET de alta calidad, resistente y duradera<\/li>\n<li><strong>Dimensiones :<\/strong> : 79,8 cm x 60 cm (similar a otras gamas de OXGOAL)<\/li>\n<li><strong>Impresi\u00f3n<\/strong> Rejilla semiespacial espec\u00edfica para el an\u00e1lisis t\u00e1ctico moderno<\/li>\n<li><strong>Tecnolog\u00eda :<\/strong> Carga electrost\u00e1tica sin adhesivos para una fijaci\u00f3n inmediata y sin residuos<\/li>\n<li><strong>Embalaje<\/strong> Rollo de 25 hojas precortadas, f\u00e1cil de llevar<\/li>\n<\/ul>\n<h2>Beneficios<\/h2>\n<ul>\n<li>\u26bd <strong>Apuntar al semiespacio<\/strong> Trabaja con eficacia en las zonas \"entre l\u00edneas\" y crea desplazamientos para desequilibrar a tus adversarios.<\/li>\n<li>\ud83c\udfaf <strong>Agarre \u00f3ptimo<\/strong> Fijaci\u00f3n sencilla a paredes, puertas, pizarras blancas o cristales sin cola ni cinta adhesiva.<\/li>\n<li>\ud83c\udf31 <strong>Ecol\u00f3gico<\/strong> Hojas de PET reciclable, ideales para un uso sostenible y responsable.<\/li>\n<li>\ud83c\udff7\ufe0f <strong>Apto para todos los p\u00fablicos<\/strong> Clubes de aficionados, profesionales, entrenadores independientes o directores de formaci\u00f3n: optimice sus t\u00e1cticas con un producto vers\u00e1til.<\/li>\n<\/ul>\n<h2>\u00bfPara qui\u00e9n? \ud83d\udc65<\/h2>\n<ul>\n<li>\u26bd <strong>Clubes profesionales y aficionados<\/strong> Mejore la calidad de sus sesiones centr\u00e1ndose en las zonas clave del terreno de juego (semiespacios).<\/li>\n<li>\ud83d\ude80 <strong>Entrenadores independientes:<\/strong> Ofrezca a sus clientes an\u00e1lisis t\u00e1cticos de vanguardia para reforzar su juego.<\/li>\n<li>\ud83c\udfdf\ufe0f <strong>Entrenadores visionarios<\/strong> Experimenta con nuevas estrategias de ataque inspiradas en los mejores jugadores.<\/li>\n<li>\ud83c\udf93 <strong>Formadores<\/strong> Perfecto para academias o centros de formaci\u00f3n que deseen ense\u00f1ar t\u00e1cticas modernas.<\/li>\n<\/ul>\n<h2>FAQ \u2013 Sus preguntas, nuestras respuestas \u2753<\/h2>\n<p><strong>1\ufe0f\u20e3 \u00bfEn qu\u00e9 se diferencian estas fichas de las fichas t\u00e1cticas tradicionales?<\/strong><br \/>\nEl modelo <strong>Medio espacio<\/strong> ofrece una <strong>cuadr\u00edcula espec\u00edfica<\/strong> se centr\u00f3 en la zona de medio espacio, lo que permiti\u00f3 a los entrenadores trabajar m\u00e1s de cerca sus combinaciones de ataque, el movimiento del bal\u00f3n y las jugadas clave. <strong>Las cuadr\u00edculas tambi\u00e9n facilitan la orientaci\u00f3n de los jugadores para que puedan asimilar tus instrucciones t\u00e1cticas.<\/strong><\/p>\n<p><strong>2\ufe0f\u20e3 \u00bfPor qu\u00e9 centrarse en el medio espacio en el f\u00fatbol moderno?<\/strong><br \/>\nLe <strong>medio espacio<\/strong> se ha convertido en una zona estrat\u00e9gica, menos defendida pero rica en oportunidades de pases, tiros y desplazamientos. Al optimizar el uso del <strong>juego de posici\u00f3n<\/strong>Como resultado, los equipos est\u00e1n mejorando su circulaci\u00f3n de bal\u00f3n y maximizando su impacto en la fase ofensiva.<\/p>\n<p><strong>3\ufe0f\u20e3 \u00bfQu\u00e9 superficie se recomienda para pegar estas l\u00e1minas?<\/strong><br \/>\nSe adhieren perfectamente al <strong>paredes, puertas, pizarras o ventanas lisas<\/strong>. Basta con desenrollar la hoja y colocarla sobre la superficie deseada.<\/p>\n<p><strong>4\ufe0f\u20e3 \u00bfCu\u00e1les son las dimensiones y la durabilidad de las hojas?<\/strong><br \/>\nCada hoja mide <strong>79,8 x 60 cm<\/strong> y pueden reutilizarse varias veces. Gu\u00e1rdalos planos o en rollo para conservar su carga electrost\u00e1tica.<\/p>\n<p><strong>5\ufe0f\u20e3 \u00bfSe puede escribir con un rotulador normal?<\/strong><br \/>\nRecomendamos <strong>rotuladores para pizarra blanca<\/strong>f\u00e1cil de borrar sin dejar marcas.<\/p>\n<h3>Por qu\u00e9 elegir OXGOAL? \ud83c\udf1f<\/h3>\n<p>Con OXGOAL, usted se beneficia de la experiencia de un <strong>Proveedor franc\u00e9s<\/strong> en la evoluci\u00f3n t\u00e1ctica del f\u00fatbol. Nuestras fichas <strong>Medio espacio<\/strong> le permiten optimizar todas las zonas cruciales del campo para lograr un juego de ataque m\u00e1s eficaz. <strong>Innovaci\u00f3n, sostenibilidad y rendimiento<\/strong> est\u00e1n a su disposici\u00f3n para ayudarle a mejorar su juego.<\/p>","protected":false},"excerpt":{"rendered":"<p><strong>Una forma divertida de explotar los espacios intermedios, perfeccionar el juego posicional y ayudar a sus jugadores a visualizar y comprender mejor sus instrucciones t\u00e1cticas.<br \/>\n<\/strong><\/p>\n<p>L\u00e1minas electrost\u00e1ticas <strong>OXGOAL - Medio espacio<\/strong> son ideales para los formadores que quieran explotar el \u00e1rea estrat\u00e9gica del <strong>semiespacio<\/strong>. Gracias a una parrilla espec\u00edfica, podr\u00e1 analizar y perfeccionar sus fases de ataque, <strong>crear desequilibrios<\/strong> en la defensa contraria y c\u00e9ntrate en los movimientos clave de tus jugadores.<\/p>\n<ul>\n<li>\ud83c\udfaf <strong>Cuadr\u00edcula t\u00e1ctica precisa<\/strong> Visualiza mejor tus ataques en semiespacios.<\/li>\n<li>\u26a1 <strong>Optimizar el juego interior<\/strong> Afina tus movimientos y aprovecha los espacios ocultos.<\/li>\n<li>\ud83d\udd0d <strong>Mejora de la lectura estrat\u00e9gica<\/strong> Ayude a sus jugadores a comprender mejor los esquemas de ataque.<\/li>\n<li>\ud83c\udfc6 <strong>Aprovechar al m\u00e1ximo las oportunidades<\/strong> Aumenta el impacto de tus acciones decisivas.<\/li>\n<\/ul>\n<p>Lleva tus estrategias ofensivas al siguiente nivel y aprovecha al m\u00e1ximo el <strong>medio espacio<\/strong> para sorprender a tus oponentes. \u26bd<\/p>","protected":false},"featured_media":4075,"template":"","meta":[],"product_brand":[],"product_cat":[27],"product_tag":[],"class_list":{"0":"post-3918","1":"product","2":"type-product","3":"status-publish","4":"has-post-thumbnail","6":"product_cat-football","8":"entry","9":"has-media","11":"first","12":"instock","13":"taxable","14":"shipping-taxable","15":"purchasable","16":"product-type-simple","17":"has-product-nav","18":"col","19":"span_1_of_3","20":"owp-content-center","21":"owp-thumbs-layout-horizontal","22":"owp-btn-big","23":"owp-tabs-layout-horizontal"},"aioseo_notices":[],"_links":{"self":[{"href":"https:\/\/oxgoal.com\/es\/wp-json\/wp\/v2\/product\/3918","targetHints":{"allow":["GET"]}}],"collection":[{"href":"https:\/\/oxgoal.com\/es\/wp-json\/wp\/v2\/product"}],"about":[{"href":"https:\/\/oxgoal.com\/es\/wp-json\/wp\/v2\/types\/product"}],"version-history":[{"count":1,"href":"https:\/\/oxgoal.com\/es\/wp-json\/wp\/v2\/product\/3918\/revisions"}],"predecessor-version":[{"id":4611,"href":"https:\/\/oxgoal.com\/es\/wp-json\/wp\/v2\/product\/3918\/revisions\/4611"}],"wp:featuredmedia":[{"embeddable":true,"href":"https:\/\/oxgoal.com\/es\/wp-json\/wp\/v2\/media\/4075"}],"wp:attachment":[{"href":"https:\/\/oxgoal.com\/es\/wp-json\/wp\/v2\/media?parent=3918"}],"wp:term":[{"taxonomy":"product_brand","embeddable":true,"href":"https:\/\/oxgoal.com\/es\/wp-json\/wp\/v2\/product_brand?post=3918"},{"taxonomy":"product_cat","embeddable":true,"href":"https:\/\/oxgoal.com\/es\/wp-json\/wp\/v2\/product_cat?post=3918"},{"taxonomy":"product_tag","embeddable":true,"href":"https:\/\/oxgoal.com\/es\/wp-json\/wp\/v2\/product_tag?post=3918"}],"curies":[{"name":"wp","href":"https:\/\/api.w.org\/{rel}","templated":true}]}}