{"id":3897,"date":"2025-02-18T23:19:47","date_gmt":"2025-02-18T23:19:47","guid":{"rendered":"https:\/\/www.oxgoal.com\/?post_type=product&#038;p=3897"},"modified":"2025-07-29T23:02:55","modified_gmt":"2025-07-29T23:02:55","slug":"medios-campos","status":"publish","type":"product","link":"https:\/\/oxgoal.com\/es\/demi-terrains\/","title":{"rendered":"Rollo de 25 hojas: 3 medios campos de f\u00fatbol"},"content":{"rendered":"<style>\n  .justified-text {<br \/>    text-align: justify;<br \/>  }<br \/>  .justified-text ul {<br \/>    padding-left: 20px;<br \/>  }<br \/>  .justified-text li {<br \/>    margin-bottom: 0.5em;<br \/>  }<br \/>  .justified-text p {<br \/>    margin-bottom: 1em;<br \/>  }<br \/><\/style>\n<h2>Caracter\u00edsticas T\u00e9cnicas<\/h2>\n<ul>\n<li><strong>Material :<\/strong> Pel\u00edcula PET de alta calidad, resistente y duradera<\/li>\n<li><strong>Impresi\u00f3n<\/strong> 3 medios campos de f\u00fatbol para optimizar tus jugadas a bal\u00f3n parado<\/li>\n<li><strong>Tecnolog\u00eda sin adhesivos<\/strong> Carga electrost\u00e1tica para una fijaci\u00f3n sin residuos<\/li>\n<li><strong>Reutilizaci\u00f3n<\/strong> Se puede mover y recolocar varias veces<\/li>\n<li><strong>Ecolog\u00eda<\/strong> Fabricado en PET reciclable para reducir el impacto medioambiental<\/li>\n<\/ul>\n<h2><\/h2>\n<h2>Principales ventajas \ud83c\udfc5<\/h2>\n<ul>\n<li>\u26bd <strong>Hoja de superficie de reparaci\u00f3n<\/strong> Conc\u00e9ntrate en la aproximaci\u00f3n al \u00e1rea, los saques de esquina y los tiros libres.<\/li>\n<li>\ud83c\udfaf <strong>Agarre \u00f3ptimo<\/strong> F\u00e1cil de fijar a la mayor\u00eda de las superficies (paredes, puertas, pizarras blancas) sin pegamento.<\/li>\n<li>\ud83c\udf31 <strong>Ecol\u00f3gico :<\/strong> Producto reciclable para un uso diario responsable.<\/li>\n<li>\ud83c\udff7\ufe0f <strong>Rentabilidad :<\/strong> Rollo de 25 hojas para una cobertura durante toda la temporada, sin necesidad de gastar un dineral en equipamiento t\u00e1ctico<\/li>\n<\/ul>\n<h2><\/h2>\n<h2>\u00bfPara qui\u00e9n? \ud83d\udc65<\/h2>\n<ul>\n<li>\u26bd <strong>Clubes de aficionados y profesionales<\/strong> Mejore la calidad de su entrenamiento a bal\u00f3n parado.<\/li>\n<li>\ud83c\udfeb <strong>Entrenadores y educadores<\/strong> Simplifique sus sesiones para equipos juveniles o centros de formaci\u00f3n.<\/li>\n<li>\ud83d\ude80 <strong>Entrenadores independientes:<\/strong> : Ofrezca a sus clientes una herramienta vers\u00e1til y pr\u00e1ctica para sesiones de gran impacto.<\/li>\n<li>\ud83c\udfc5 <strong>Presidentes de clubes de f\u00fatbol:<\/strong> Invierta en equipos accesibles y duraderos para optimizar el rendimiento.<\/li>\n<\/ul>\n<h2><\/h2>\n<h2>FAQ \u2013 Sus preguntas, nuestras respuestas \u2753<\/h2>\n<p>1\ufe0f\u20e3 <strong>\u00bfPor qu\u00e9 utilizar un medio campo t\u00e1ctico para las jugadas a bal\u00f3n parado?<\/strong><br \/>\nA <strong>media cancha t\u00e1ctica<\/strong> permite concentrarse en las estrategias a bal\u00f3n parado (saques de esquina, tiros libres) y en la aproximaci\u00f3n al \u00e1rea. Facilita la lectura del juego y optimiza la comunicaci\u00f3n entre entrenadores y jugadores. Se puede modificar en el descanso, lo que puede ser importante en caso de sustituciones.<\/p>\n<p>2\ufe0f\u20e3 <strong>\u00bfC\u00f3mo ayudan estas fichas a mejorar las fases detenidas?<\/strong><br \/>\nGracias a su impresi\u00f3n detallada, estas hojas permiten a los entrenadores <strong>visualizar claramente los movimientos<\/strong>probar varios sistemas y <strong>modificar sus t\u00e1cticas en tiempo real<\/strong> sin esfuerzo.<\/p>\n<p>3\ufe0f\u20e3 <strong>\u00bfSe puede escribir en estas hojas t\u00e1cticas con cualquier rotulador?<\/strong><br \/>\nS\u00ed, pero para un rendimiento \u00f3ptimo, recomendamos utilizar <strong>rotuladores para pizarra blanca<\/strong>que ofrecen una <strong>f\u00e1cil de borrar<\/strong> sin dejar rastro.<\/p>\n<p>4\ufe0f\u20e3 <strong>\u00bfSon adecuadas las l\u00e1minas electrost\u00e1ticas para todas las superficies?<\/strong><br \/>\nPor supuesto. Se adhieren a la mayor\u00eda de las superficies sin cola: <strong>paredes, puertas, pizarras, vestuarios<\/strong>e incluso algunas ventanas. <strong>Ideal para charlas antes del partido y ajustes en el descanso.<\/strong><\/p>\n<p>5\ufe0f\u20e3 <strong>\u00bfCu\u00e1l es la diferencia entre estas hojas y las dem\u00e1s hojas t\u00e1cticas de OXGOAL?<\/strong><br \/>\nEste modelo est\u00e1 dise\u00f1ado para <strong>set-pieces<\/strong>Dispone de tres semicortes impresos, perfectos para practicar lanzamientos de falta, saques de esquina y acciones en el borde del \u00e1rea. Tambi\u00e9n se puede utilizar para trabajar los movimientos para sacar el bal\u00f3n jugado o para realizar internadas en el campo contrario (diferentes llamadas, cambiando la animaci\u00f3n de un sistema en funci\u00f3n de la t\u00e1ctica del adversario). A <strong>una soluci\u00f3n a medida para los entrenadores que desean perfeccionar los momentos clave del juego.<\/strong><\/p>\n<h2><\/h2>\n<h2>\u00bfPor qu\u00e9 elegir OXGOAL? \ud83c\udf1f<\/h2>\n<p>En OXGOAL, combinamos innovaci\u00f3n, sostenibilidad y experiencia para ofrecer productos que satisfagan las necesidades pr\u00e1cticas de clubes de f\u00fatbol y entrenadores. Nuestra prioridad es ofrecerte una soluci\u00f3n t\u00e1ctica accesible, fiable y ecorresponsable, sea cual sea la categor\u00eda o el nivel de tu equipo.<\/p>","protected":false},"excerpt":{"rendered":"<p><strong>Optimiza tus jugadas a bal\u00f3n parado con las fichas t\u00e1cticas de OXGOAL - Especial para \u00e1reas de penalti<\/strong><\/p>\n<p>&nbsp;<\/p>\n<div class=\"justified-text\">\n<p>En <strong>Hojas electrost\u00e1ticas OXGOAL - 3 Half Fields<\/strong> est\u00e1n dise\u00f1ados para afinar tu estrategia en los saques de esquina, los tiros libres y la aproximaci\u00f3n al \u00e1rea de penalti. F\u00edjalos sin pegamento, cambia tus planes al instante y entrena a tus jugadores con claridad y eficacia.<\/p>\n<ul>\n<li>\ud83c\udfaf <strong>Adherencia perfecta<\/strong> El nuevo dise\u00f1o, f\u00e1cil de instalar, garantiza una sujeci\u00f3n estable en todas las superficies para que las estrategias est\u00e9n siempre en su sitio.<\/li>\n<li>\u26a1 <strong>Focalizaci\u00f3n t\u00e1ctica en las fases de parada<\/strong> Cada hoja presenta 3 semicampos para optimizar el an\u00e1lisis de los lanzamientos de falta y los saques de esquina.<\/li>\n<li>\ud83d\udccb <strong>Estrategia ofensiva clara<\/strong> Visualice y ajuste sus planes y combinaciones de recuperaci\u00f3n para una organizaci\u00f3n perfecta.<\/li>\n<li>\ud83e\uddf3 <strong>Una soluci\u00f3n pr\u00e1ctica y transportable<\/strong> Un rollo de 25 hojas precortadas, f\u00e1ciles de llevar para trabajar r\u00e1pidamente sobre el terreno.<\/li>\n<\/ul>\n<p><strong>Marca la diferencia en las jugadas a bal\u00f3n parado con una soluci\u00f3n ecol\u00f3gica y sostenible dise\u00f1ada pensando en el f\u00fatbol.<\/strong><\/p>\n<\/div>","protected":false},"featured_media":3961,"template":"","meta":[],"product_brand":[],"product_cat":[27],"product_tag":[],"class_list":{"0":"post-3897","1":"product","2":"type-product","3":"status-publish","4":"has-post-thumbnail","6":"product_cat-football","8":"entry","9":"has-media","11":"first","12":"instock","13":"taxable","14":"shipping-taxable","15":"purchasable","16":"product-type-simple","17":"has-product-nav","18":"col","19":"span_1_of_3","20":"owp-content-center","21":"owp-thumbs-layout-horizontal","22":"owp-btn-big","23":"owp-tabs-layout-horizontal"},"aioseo_notices":[],"_links":{"self":[{"href":"https:\/\/oxgoal.com\/es\/wp-json\/wp\/v2\/product\/3897","targetHints":{"allow":["GET"]}}],"collection":[{"href":"https:\/\/oxgoal.com\/es\/wp-json\/wp\/v2\/product"}],"about":[{"href":"https:\/\/oxgoal.com\/es\/wp-json\/wp\/v2\/types\/product"}],"version-history":[{"count":2,"href":"https:\/\/oxgoal.com\/es\/wp-json\/wp\/v2\/product\/3897\/revisions"}],"predecessor-version":[{"id":4610,"href":"https:\/\/oxgoal.com\/es\/wp-json\/wp\/v2\/product\/3897\/revisions\/4610"}],"wp:featuredmedia":[{"embeddable":true,"href":"https:\/\/oxgoal.com\/es\/wp-json\/wp\/v2\/media\/3961"}],"wp:attachment":[{"href":"https:\/\/oxgoal.com\/es\/wp-json\/wp\/v2\/media?parent=3897"}],"wp:term":[{"taxonomy":"product_brand","embeddable":true,"href":"https:\/\/oxgoal.com\/es\/wp-json\/wp\/v2\/product_brand?post=3897"},{"taxonomy":"product_cat","embeddable":true,"href":"https:\/\/oxgoal.com\/es\/wp-json\/wp\/v2\/product_cat?post=3897"},{"taxonomy":"product_tag","embeddable":true,"href":"https:\/\/oxgoal.com\/es\/wp-json\/wp\/v2\/product_tag?post=3897"}],"curies":[{"name":"wp","href":"https:\/\/api.w.org\/{rel}","templated":true}]}}