{"id":1607,"date":"2024-05-21T14:04:22","date_gmt":"2024-05-21T14:04:22","guid":{"rendered":"https:\/\/www.oxgoal.com\/?page_id=1607"},"modified":"2024-05-24T13:19:11","modified_gmt":"2024-05-24T13:19:11","slug":"informacion-legal","status":"publish","type":"page","link":"https:\/\/oxgoal.com\/es\/oxgoal-feuilles-electrostatiques-football\/mentions-legales\/","title":{"rendered":"Informaci\u00f3n jur\u00eddica"},"content":{"rendered":"<div data-elementor-type=\"wp-page\" data-elementor-id=\"1607\" class=\"elementor elementor-1607\" data-elementor-post-type=\"page\">\n\t\t\t\t<div class=\"elementor-element elementor-element-dd521e5 e-flex e-con-boxed e-con e-parent\" data-id=\"dd521e5\" data-element_type=\"container\" data-e-type=\"container\">\n\t\t\t\t\t<div class=\"e-con-inner\">\n\t\t\t\t<div class=\"elementor-element elementor-element-5178a40 elementor-widget elementor-widget-heading\" data-id=\"5178a40\" data-element_type=\"widget\" data-e-type=\"widget\" data-widget_type=\"heading.default\">\n\t\t\t\t\t<h1 class=\"elementor-heading-title elementor-size-default\">Informaci\u00f3n jur\u00eddica<\/h1>\t\t\t\t<\/div>\n\t\t\t\t\t<\/div>\n\t\t\t\t<\/div>\n\t\t<div class=\"elementor-element elementor-element-3a5b916 e-flex e-con-boxed e-con e-parent\" data-id=\"3a5b916\" data-element_type=\"container\" data-e-type=\"container\">\n\t\t\t\t\t<div class=\"e-con-inner\">\n\t\t\t\t<div class=\"elementor-element elementor-element-a69e0b9 elementor-widget elementor-widget-text-editor\" data-id=\"a69e0b9\" data-element_type=\"widget\" data-e-type=\"widget\" data-widget_type=\"text-editor.default\">\n\t\t\t\t\t\t\t\t\t<p><strong>Propiedad del terreno<\/strong> <br \/>El sitio web <a href=\"https:\/\/oxgoal.com\/es\/\" target=\"_new\" rel=\"noreferrer\">www.oxgoal.com<\/a> es propiedad de OXGOAL, con domicilio social en 41 Rue de la Loire, 44430 Le Loroux-Bottereau.<\/p><p><strong>Responsabilidad editorial<\/strong> <br \/>El director de publicaci\u00f3n de este sitio es el Sr. Nicolas MENARD, en su calidad de Director.<\/p><p><strong>Alojamiento<\/strong> <br \/>Este sitio est\u00e1 alojado en 02switch.<\/p><p><strong>Propiedad intelectual<\/strong> <br \/>Todo el contenido de este sitio est\u00e1 protegido por la legislaci\u00f3n francesa e internacional sobre derechos de autor y propiedad intelectual. Reservados todos los derechos. Queda prohibida cualquier reproducci\u00f3n o representaci\u00f3n, incluso parcial, sin la autorizaci\u00f3n previa por escrito de OXGOAL.<\/p><p><strong>Comisi\u00f3n Nacional de Inform\u00e1tica y Libertades<\/strong> <br \/>De conformidad con la normativa vigente, este sitio est\u00e1 exento de declaraci\u00f3n a la CNIL.<\/p><p><strong>Protecci\u00f3n de datos personales<\/strong> <br \/>De conformidad con la Ley francesa de Protecci\u00f3n de Datos de 6 de enero de 1978 modificada, usted tiene derecho a acceder, modificar, rectificar y suprimir los datos que le conciernen. Para ejercer este derecho, p\u00f3ngase en contacto con nosotros en la siguiente direcci\u00f3n <a target=\"_new\" rel=\"noreferrer\">contact@oxgoal.com<\/a>.<\/p><p><strong>Pol\u00edtica de privacidad<\/strong> <br \/>Al navegar por nuestro sitio, usted consiente la recogida de informaci\u00f3n relativa a su navegaci\u00f3n, con el fin de mejorar su experiencia de usuario. Si desea oponerse a esta recogida, p\u00f3ngase en contacto con nosotros.<\/p>\t\t\t\t\t\t\t\t<\/div>\n\t\t\t\t\t<\/div>\n\t\t\t\t<\/div>\n\t\t\t\t<\/div>","protected":false},"excerpt":{"rendered":"<p>Mentions L\u00e9gales Propri\u00e9t\u00e9 du site Le site www.oxgoal.com est la propri\u00e9t\u00e9 de la soci\u00e9t\u00e9 OXGOAL, dont le si\u00e8ge social est situ\u00e9 au 41 Rue de la Loire, 44430 Le Loroux-Bottereau. Responsabilit\u00e9 \u00e9ditoriale Le directeur de la publication du pr\u00e9sent site est Monsieur Nicolas MENARD, en sa qualit\u00e9 de Directeur. H\u00e9bergement L\u2019h\u00e9bergement du pr\u00e9sent site est [&hellip;]<\/p>\n","protected":false},"author":2,"featured_media":0,"parent":1374,"menu_order":0,"comment_status":"closed","ping_status":"closed","template":"","meta":{"footnotes":""},"class_list":["post-1607","page","type-page","status-publish","hentry","entry","owp-thumbs-layout-horizontal","owp-btn-big","owp-tabs-layout-horizontal","has-no-thumbnails","has-product-nav"],"aioseo_notices":[],"_links":{"self":[{"href":"https:\/\/oxgoal.com\/es\/wp-json\/wp\/v2\/pages\/1607","targetHints":{"allow":["GET"]}}],"collection":[{"href":"https:\/\/oxgoal.com\/es\/wp-json\/wp\/v2\/pages"}],"about":[{"href":"https:\/\/oxgoal.com\/es\/wp-json\/wp\/v2\/types\/page"}],"author":[{"embeddable":true,"href":"https:\/\/oxgoal.com\/es\/wp-json\/wp\/v2\/users\/2"}],"replies":[{"embeddable":true,"href":"https:\/\/oxgoal.com\/es\/wp-json\/wp\/v2\/comments?post=1607"}],"version-history":[{"count":0,"href":"https:\/\/oxgoal.com\/es\/wp-json\/wp\/v2\/pages\/1607\/revisions"}],"up":[{"embeddable":true,"href":"https:\/\/oxgoal.com\/es\/wp-json\/wp\/v2\/pages\/1374"}],"wp:attachment":[{"href":"https:\/\/oxgoal.com\/es\/wp-json\/wp\/v2\/media?parent=1607"}],"curies":[{"name":"wp","href":"https:\/\/api.w.org\/{rel}","templated":true}]}}