{"id":3918,"date":"2025-02-18T23:00:25","date_gmt":"2025-02-18T23:00:25","guid":{"rendered":"https:\/\/www.oxgoal.com\/?post_type=product&#038;p=3918"},"modified":"2025-07-29T23:03:41","modified_gmt":"2025-07-29T23:03:41","slug":"half-space","status":"publish","type":"product","link":"https:\/\/oxgoal.com\/de\/half-space-demi-espace\/","title":{"rendered":"Rolle mit 25 Blatt Fu\u00dfball Half Space (Halbraum)"},"content":{"rendered":"<style>\n  .justified-text {<br \/>    text-align: justify;<br \/>  }<br \/>  .justified-text ul {<br \/>    padding-left: 20px;<br \/>  }<br \/>  .justified-text li {<br \/>    margin-bottom: 0.5em;<br \/>  }\ufeff<br \/>  .justified-text p {<br \/>    margin-bottom: 1em;<br \/>  }<br \/><\/style>\n<h2>Technische Eigenschaften<\/h2>\n<ul>\n<li><strong>Material<\/strong> : Hochwertige, robuste und langlebige PET-Folie<\/li>\n<li><strong>Abmessungen<\/strong> : 79.8 cm x 60 cm (\u00e4hnlich wie bei anderen OXGOAL-Sortimenten)<\/li>\n<li><strong>Druck<\/strong> : Spezifisches Raster f\u00fcr Halbr\u00e4ume (Half Space), das die moderne taktische Analyse f\u00f6rdert.<\/li>\n<li><strong>Technologie<\/strong> : Elektrostatische Aufladung ohne Klebstoff, sofortige und r\u00fcckstandsfreie Fixierung<\/li>\n<li><strong>Verpackung<\/strong> : Rolle mit 25 vorgestanzten Bl\u00e4ttern, einfach zum Mitnehmen<\/li>\n<\/ul>\n<h2>Vorteile<\/h2>\n<ul>\n<li>\u26bd <strong>Targeting des Halbraums<\/strong> Die Zonen \"zwischen den Linien\" effektiv bearbeiten und Verschiebungen erzeugen, um Ihre Gegner aus dem Gleichgewicht zu bringen.<\/li>\n<li>\ud83c\udfaf <strong>Optimale Haftung<\/strong> : Einfaches Anbringen an W\u00e4nden, T\u00fcren, Whiteboards oder Glasscheiben ohne Klebstoff oder Klebeband.<\/li>\n<li>\ud83c\udf31 <strong>\u00d6kologisch<\/strong> Bl\u00e4tter: Aus recycelbarem PET hergestellt, ideal f\u00fcr einen nachhaltigen und verantwortungsvollen Gebrauch.<\/li>\n<li>\ud83c\udff7\ufe0f <strong>F\u00fcr alle geeignet<\/strong> Amateurvereine, Profis, unabh\u00e4ngige Trainer oder Ausbildungsleiter - optimieren Sie Ihre Taktik mit einem vielseitigen Produkt.<\/li>\n<\/ul>\n<h2>F\u00fcr wen? \ud83d\udc65<\/h2>\n<ul>\n<li>\u26bd <strong>Profi- und Amateurvereine<\/strong> : Verbessern Sie die Qualit\u00e4t Ihrer Trainingseinheiten, indem Sie den Schwerpunkt auf die Schl\u00fcsselr\u00e4ume des Spielfelds (Halbr\u00e4ume) legen.<\/li>\n<li>\ud83d\ude80 <strong>Unabh\u00e4ngige Trainer:<\/strong> Taktik: Bieten Sie Ihren Kunden scharfe taktische Analysen an, um ihr Spiel zu st\u00e4rken.<\/li>\n<li>\ud83c\udfdf\ufe0f <strong>Vision\u00e4re Trainer<\/strong> : Experimentieren Sie mit neuen Angriffsstrategien, die von den gr\u00f6\u00dften Spielern inspiriert wurden.<\/li>\n<li>\ud83c\udf93 <strong>Ausbilder<\/strong> : Perfekt f\u00fcr Akademien oder Ausbildungszentren, die moderne Taktik unterrichten m\u00f6chten.<\/li>\n<\/ul>\n<h2>FAQ \u2013 Ihre Fragen, unsere Antworten \u2753<\/h2>\n<p><strong>1\ufe0f\u20e3 Inwiefern unterscheiden sich diese Bl\u00e4tter von herk\u00f6mmlichen Taktikbl\u00e4ttern?<\/strong><br \/>\nDie Vorlage <strong>Half Space<\/strong> bietet einen <strong>spezifisches Raster<\/strong> auf den Halbraum ausgerichtet, sodass die Trainer genauer an ihren Offensivkombinationen, der Ballzirkulation und den Schl\u00fcsselbewegungen arbeiten k\u00f6nnen. <strong>Die Rasterlinien helfen den Spielern auch dabei, sich besser zu orientieren, um Ihre taktischen Vorgaben zu verinnerlichen.<\/strong><\/p>\n<p><strong>2\ufe0f\u20e3 Warum liegt der Fokus im modernen Fu\u00dfball auf dem Halbraum?<\/strong><br \/>\nDie <strong>Halbraum<\/strong> ist zu einer strategischen Zone geworden, die weniger verteidigt wird, aber reich an M\u00f6glichkeiten f\u00fcr P\u00e4sse, Sch\u00fcsse und Verlagerungen ist. Durch die Optimierung des <strong>Positionsspiel<\/strong>In der ersten H\u00e4lfte des Spiels verbessern die Teams ihre Ballzirkulation und maximieren ihre Wirkung in der Offensive.<\/p>\n<p><strong>3\ufe0f\u20e3 Welche Oberfl\u00e4che wird zum Aufkleben dieser Bl\u00e4tter empfohlen?<\/strong><br \/>\nSie haften perfekt an <strong>glatte W\u00e4nde, T\u00fcren, wei\u00dfe Tafeln oder Glasscheiben<\/strong>. Rollen Sie das Blatt einfach aus und legen Sie es auf die gew\u00fcnschte Oberfl\u00e4che.<\/p>\n<p><strong>4\ufe0f\u20e3 Wie gro\u00df und haltbar sind die Bl\u00e4tter?<\/strong><br \/>\nJedes Blatt misst <strong>79.8 x 60 cm<\/strong> und kann mehrmals wiederverwendet werden. Lagern Sie sie flach oder in Rollen, um ihre elektrostatische Ladung zu erhalten.<\/p>\n<p><strong>5\ufe0f\u20e3 Kann ich einen herk\u00f6mmlichen Marker verwenden, um darauf zu schreiben?<\/strong><br \/>\nWir empfehlen <strong>Whiteboardmarker<\/strong>Sie sind leicht abwischbar, ohne Spuren zu hinterlassen.<\/p>\n<h3>Warum sollten Sie sich f\u00fcr OXGOAL entscheiden? \ud83c\udf1f<\/h3>\n<p>Mit OXGOAL profitieren Sie von der Expertise eines <strong>franz\u00f6sischer Anbieter<\/strong> an der taktischen Entwicklung des Fu\u00dfballs beteiligt. Unsere Bl\u00e4tter <strong>Half Space<\/strong> erm\u00f6glichen es Ihnen, jeden entscheidenden Bereich des Spielfelds f\u00fcr ein durchschlagenderes Offensivspiel zu optimieren. <strong>Innovation, Nachhaltigkeit und Leistung<\/strong> sind an Bord, um Ihnen zu helfen, Ihr Niveau zu erh\u00f6hen.<\/p>","protected":false},"excerpt":{"rendered":"<p><strong>Eine spielerische Unterst\u00fctzung, um die Halbr\u00e4ume auszunutzen, das Positionsspiel zu verfeinern und Ihren Spielern zu helfen, Ihre taktischen Anweisungen besser zu visualisieren und zu verstehen.<br \/>\n<\/strong><\/p>\n<p>Elektrostatische Folien <strong>OXGOAL - Half Space<\/strong> sind ideal f\u00fcr Trainer, die den strategischen Bereich des <strong>Halbraum<\/strong>. Mithilfe eines speziellen Rasters k\u00f6nnen Sie Ihre Offensivphasen analysieren und perfektionieren, <strong>Ungleichgewichte schaffen<\/strong> in der gegnerischen Verteidigung und legen Sie den Schwerpunkt auf die Schl\u00fcsselbewegungen Ihrer Spieler.<\/p>\n<ul>\n<li>\ud83c\udfaf <strong>Pr\u00e4zises taktisches Raster<\/strong> : Visualisieren Sie Ihre Angriffe in den Halbr\u00e4umen besser.<\/li>\n<li>\u26a1 <strong>Optimierung des Innenspiels<\/strong> : Verfeinern Sie Ihre Bewegungen und nutzen Sie verborgene R\u00e4ume.<\/li>\n<li>\ud83d\udd0d <strong>Verbessertes strategisches Lesen<\/strong> : Helfen Sie Ihren Spielern, offensive Schemata besser zu verstehen.<\/li>\n<li>\ud83c\udfc6 <strong>Maximierung von Chancen<\/strong> : Verst\u00e4rken Sie die Wirkung Ihrer entscheidenden Aktionen.<\/li>\n<\/ul>\n<p>Bringen Sie Ihre Offensivstrategien auf das n\u00e4chste Level und nutzen Sie voll und ganz die <strong>Halbraum<\/strong> um Ihre Gegner zu \u00fcberraschen. \u26bd<\/p>","protected":false},"featured_media":4075,"template":"","meta":[],"product_brand":[],"product_cat":[27],"product_tag":[],"class_list":{"0":"post-3918","1":"product","2":"type-product","3":"status-publish","4":"has-post-thumbnail","6":"product_cat-football","8":"entry","9":"has-media","11":"first","12":"instock","13":"taxable","14":"shipping-taxable","15":"purchasable","16":"product-type-simple","17":"has-product-nav","18":"col","19":"span_1_of_3","20":"owp-content-center","21":"owp-thumbs-layout-horizontal","22":"owp-btn-big","23":"owp-tabs-layout-horizontal"},"aioseo_notices":[],"_links":{"self":[{"href":"https:\/\/oxgoal.com\/de\/wp-json\/wp\/v2\/product\/3918","targetHints":{"allow":["GET"]}}],"collection":[{"href":"https:\/\/oxgoal.com\/de\/wp-json\/wp\/v2\/product"}],"about":[{"href":"https:\/\/oxgoal.com\/de\/wp-json\/wp\/v2\/types\/product"}],"version-history":[{"count":1,"href":"https:\/\/oxgoal.com\/de\/wp-json\/wp\/v2\/product\/3918\/revisions"}],"predecessor-version":[{"id":4611,"href":"https:\/\/oxgoal.com\/de\/wp-json\/wp\/v2\/product\/3918\/revisions\/4611"}],"wp:featuredmedia":[{"embeddable":true,"href":"https:\/\/oxgoal.com\/de\/wp-json\/wp\/v2\/media\/4075"}],"wp:attachment":[{"href":"https:\/\/oxgoal.com\/de\/wp-json\/wp\/v2\/media?parent=3918"}],"wp:term":[{"taxonomy":"product_brand","embeddable":true,"href":"https:\/\/oxgoal.com\/de\/wp-json\/wp\/v2\/product_brand?post=3918"},{"taxonomy":"product_cat","embeddable":true,"href":"https:\/\/oxgoal.com\/de\/wp-json\/wp\/v2\/product_cat?post=3918"},{"taxonomy":"product_tag","embeddable":true,"href":"https:\/\/oxgoal.com\/de\/wp-json\/wp\/v2\/product_tag?post=3918"}],"curies":[{"name":"wp","href":"https:\/\/api.w.org\/{rel}","templated":true}]}}