{"id":3551,"date":"2024-11-03T05:56:40","date_gmt":"2024-11-03T05:56:40","guid":{"rendered":"https:\/\/www.oxgoal.com\/?post_type=product&#038;p=3551"},"modified":"2025-04-11T09:03:35","modified_gmt":"2025-04-11T09:03:35","slug":"elektrostatische-marker","status":"publish","type":"product","link":"https:\/\/oxgoal.com\/de\/pions-electrostatiques\/","title":{"rendered":"Pack mit 125 Elektrostatischen Markern"},"content":{"rendered":"<h3>Technische Eigenschaften<\/h3>\n<ul>\n<li class=\"translation-block\">Material: Hergestellt aus hochwertigem PET-Kunststoff, sind diese Marker langlebig, widerstandsf\u00e4hig und umweltfreundlich.<\/li>\n<li class=\"translation-block\">Abmessungen: Standardgr\u00f6\u00dfe mit einem Durchmesser von 3 cm, f\u00fcr intuitive und einfache Handhabung entwickelt.<\/li>\n<li class=\"translation-block\">Verpackung: Jedes Set enth\u00e4lt <strong>50 blaue Marker, 50 gr\u00fcne und 25 orangefarbene<\/strong> (zur Darstellung der Teams und des Balls), die eine hohe Flexibilit\u00e4t f\u00fcr Ihre Simulationen bieten.<\/li>\n<li class=\"translation-block\">Personalisierbares Design: Schlichte Marker ohne Muster, die es erm\u00f6glichen, direkt darauf zu schreiben, um Initialen, Nummern oder Positionen anzugeben.<\/li>\n<\/ul>\n<h3><\/h3>\n<h3>Umweltfreundlich \ud83c\udf0d<\/h3>\n<ul>\n<li class=\"translation-block\">\u267b\ufe0fRecycelbar: Hergestellt aus recycelbarem PET, k\u00f6nnen diese Marker \u00fcber geeignete Recyclingkan\u00e4le entsorgt werden, um ihre Umweltbelastung zu reduzieren.<\/li>\n<li class=\"translation-block\">\ud83d\udd04 Wiederverwendbar: F\u00fcr langfristige Nutzung konzipiert, bieten sie eine wirtschaftliche und umweltfreundliche L\u00f6sung f\u00fcr Ihre Aktivit\u00e4ten.<\/li>\n<\/ul>\n<h3><\/h3>\n<h3>Innovation und Vielseitigkeit \ud83d\ude80<\/h3>\n<ul>\n<li class=\"translation-block\">\ud83c\udfc5 Vielseitigkeit: Perfekt f\u00fcr verschiedene Verwendungszwecke wie Sporttaktik, Schulungen, Management oder Brainstorming. Kombinieren Sie sie mit unseren blanken elektrostatischen Bl\u00e4ttern f\u00fcr ein optimales interaktives Erlebnis.<\/li>\n<li class=\"translation-block\">\ud83d\udca1 Innovation: Verwandeln Sie jede glatte Oberfl\u00e4che in eine taktische Unterst\u00fctzung mit diesen elektrostatischen Markern.<\/li>\n<li style=\"list-style-type: none;\"><\/li>\n<\/ul>","protected":false},"excerpt":{"rendered":"<p><strong>Jedes Pack enth\u00e4lt 125 Marker: 50 blaue, 50 gr\u00fcne, 25 orangefarbene.<br \/>\n<\/strong><br \/>\n<strong>\ud83d\udca5<\/strong> INNOVATION HERBST 2024 - Entwickelt, um das Leben der Fu\u00dfballtrainer zu erleichtern<\/p>\n<ul>\n<li class=\"translation-block\">\ud83c\udfaf <strong>Optimale Haftung:<\/strong> Haftet sofort auf allen glatten Oberfl\u00e4chen (elektrostatische Bl\u00e4tter, T\u00fcren, Fenster).<\/li>\n<li class=\"translation-block\">\ud83c\udfc3 <strong>Einfache Handhabung:<\/strong> Simulieren Sie Spielerbewegungen ohne sperrige Tafeln.<\/li>\n<li class=\"translation-block\">\ud83d\udd04 <strong>Wiederverwendbar und praktisch:<\/strong> Lange Lebensdauer bei sorgf\u00e4ltiger Lagerung.<\/li>\n<li class=\"translation-block\">\ud83e\uddf3 <strong>Leicht und tragbar:<\/strong> Verwandeln Sie jede Oberfl\u00e4che in ein Taktikboard.<\/li>\n<\/ul>","protected":false},"featured_media":3012,"template":"","meta":[],"product_brand":[],"product_cat":[27],"product_tag":[],"class_list":{"0":"post-3551","1":"product","2":"type-product","3":"status-publish","4":"has-post-thumbnail","6":"product_cat-football","7":"product_shipping_class-rouleau-25-feuilles","9":"entry","10":"has-media","12":"first","13":"instock","14":"taxable","15":"shipping-taxable","16":"purchasable","17":"product-type-simple","18":"has-product-nav","19":"col","20":"span_1_of_3","21":"owp-content-center","22":"owp-thumbs-layout-horizontal","23":"owp-btn-big","24":"owp-tabs-layout-horizontal"},"aioseo_notices":[],"_links":{"self":[{"href":"https:\/\/oxgoal.com\/de\/wp-json\/wp\/v2\/product\/3551","targetHints":{"allow":["GET"]}}],"collection":[{"href":"https:\/\/oxgoal.com\/de\/wp-json\/wp\/v2\/product"}],"about":[{"href":"https:\/\/oxgoal.com\/de\/wp-json\/wp\/v2\/types\/product"}],"version-history":[{"count":0,"href":"https:\/\/oxgoal.com\/de\/wp-json\/wp\/v2\/product\/3551\/revisions"}],"wp:featuredmedia":[{"embeddable":true,"href":"https:\/\/oxgoal.com\/de\/wp-json\/wp\/v2\/media\/3012"}],"wp:attachment":[{"href":"https:\/\/oxgoal.com\/de\/wp-json\/wp\/v2\/media?parent=3551"}],"wp:term":[{"taxonomy":"product_brand","embeddable":true,"href":"https:\/\/oxgoal.com\/de\/wp-json\/wp\/v2\/product_brand?post=3551"},{"taxonomy":"product_cat","embeddable":true,"href":"https:\/\/oxgoal.com\/de\/wp-json\/wp\/v2\/product_cat?post=3551"},{"taxonomy":"product_tag","embeddable":true,"href":"https:\/\/oxgoal.com\/de\/wp-json\/wp\/v2\/product_tag?post=3551"}],"curies":[{"name":"wp","href":"https:\/\/api.w.org\/{rel}","templated":true}]}}