{"id":2333,"date":"2024-08-13T10:14:46","date_gmt":"2024-08-13T10:14:46","guid":{"rendered":"https:\/\/www.oxgoal.com\/?post_type=product&#038;p=2333"},"modified":"2025-07-29T23:05:04","modified_gmt":"2025-07-29T23:05:04","slug":"elektrostatische-blankofolien","status":"publish","type":"product","link":"https:\/\/oxgoal.com\/de\/feuilles-electrostatiques-vierge\/","title":{"rendered":"Rolle mit 25 Elektrostatischen Folien - Leer"},"content":{"rendered":"<h3>Technische Eigenschaften<\/h3>\n<ul>\n<li class=\"translation-block\"><strong>Material:<\/strong><br>Hergestellt aus hochwertigem, widerstandsf\u00e4higem und umweltfreundlichem PET-Kunststoff.<\/li>\n<li class=\"translation-block\">Abmessungen: 79,8 cm x 60 cm, perfekt f\u00fcr interaktive und kollaborative Sitzungen.<\/li>\n<li class=\"translation-block\">Klebstofffreie Technologie: Elektrostatische Ladung f\u00fcr r\u00fcckstandsfreie Haftung.<\/li>\n<li class=\"translation-block\">Verpackung: Rolle mit 25 vorgeschnittenen Bl\u00e4ttern, gebrauchsfertig.<\/li>\n<\/ul>\n<h3><\/h3>\n<h3>Vorteile<\/h3>\n<ul>\n<li class=\"translation-block\">\ud83c\udfaf Optimale Haftung: Befestigen Sie die Bl\u00e4tter an jeder glatten Oberfl\u00e4che (W\u00e4nde, Glas, Whiteboards) ohne Klebstoff oder Klebeband.<\/li>\n<li class=\"translation-block\">\ud83d\udd04 Wiederverwendbar und praktisch: Verschieben und l\u00f6schen Sie Ihre Notizen mehrmals, ohne Spuren zu hinterlassen.<\/li>\n<li class=\"translation-block\">\ud83c\udf31 Umweltfreundlich: Aus recycelbarem PET gefertigt, kombiniert Umweltfreundlichkeit mit Effizienz.<\/li>\n<li class=\"translation-block\">\ud83e\uddf3 Tragbares Format: Leicht und einfach zu transportieren, ideal f\u00fcr den Einsatz unterwegs.<\/li>\n<\/ul>\n<h3><\/h3>\n<h3>F\u00fcr wen? \ud83d\udc65<\/h3>\n<ul>\n<li class=\"translation-block\">\ud83d\udcc8 Unternehmen: Verbessern Sie Ihre Brainstormings und strategischen Meetings mit einer flexiblen und wiederverwendbaren L\u00f6sung.<\/li>\n<li class=\"translation-block\">\ud83c\udfdb\ufe0f Gemeinschaften: Vereinfachen Sie die Kommunikation und interne Organisation Ihrer Teams.<\/li>\n<li class=\"translation-block\">\ud83c\udf93 Schulen und Ausbildung: Verwandeln Sie Ihren Unterricht in dynamische und interaktive Sitzungen, perfekt f\u00fcr Sch\u00fcler und Lehrer.<\/li>\n<li class=\"translation-block\">\ud83c\udfc5 Teamsport: Als improvisiertes Whiteboard verwendet, um Taktiken in Echtzeit zu visualisieren und anzupassen.<\/li>\n<\/ul>\n<h3><\/h3>\n<h3>FAQ \u2013 Ihre Fragen, unsere Antworten \u2753<\/h3>\n<p><strong>Wie funktioniert die elektrostatische Aufladung von OXGOAL-Bl\u00e4ttern?<\/strong><br \/>\nDie Folien haften ohne Klebstoff an glatten Oberfl\u00e4chen wie Glas, Metall und gestrichenen W\u00e4nden dank ihrer elektrostatischen Ladung.<\/p>\n<p><strong>Welche Marker sollten verwendet werden?<\/strong><br \/>\nF\u00fcr beste Ergebnisse empfehlen wir die Verwendung von Whiteboard-Markern, die sich leicht abwischen lassen, ohne Spuren zu hinterlassen.<\/p>\n<p><strong>Sind sie f\u00fcr gekr\u00fcmmte Oberfl\u00e4chen geeignet?<\/strong><br \/>\nElektrostatische Folien sind so konzipiert, dass sie haupts\u00e4chlich auf flachen Oberfl\u00e4chen haften. Ihre Wirksamkeit kann auf gekr\u00fcmmten oder stark strukturierten Oberfl\u00e4chen beeintr\u00e4chtigt sein.<\/p>\n<p><strong>Wie kann man ihre Lebensdauer verl\u00e4ngern?<\/strong><br \/>\nEs wird empfohlen, sie flach oder als Rolle an einem trockenen und sauberen Ort aufzubewahren, um ihre elektrostatische Aufladung und Haftung zu erhalten.<\/p>\n<p><strong>K\u00f6nnen sie im Freien verwendet werden?<\/strong><br \/>\nHaupts\u00e4chlich f\u00fcr den Innenbereich konzipiert, k\u00f6nnen sie bei g\u00fcnstigen Wetterbedingungen auch im Freien verwendet werden.<\/p>\n<h3><\/h3>\n<h3>Warum OXGOAL-Blankofolien w\u00e4hlen? \ud83c\udf1f<\/h3>\n<p>OXGOAL verpflichtet sich, langlebige und innovative Produkte anzubieten, die Ihre kollaborativen Aktivit\u00e4ten vereinfachen. Hergestellt in Frankreich, verbinden unsere elektrostatischen Blankofolien Qualit\u00e4t, Vielseitigkeit und Umweltfreundlichkeit, um den Anforderungen von Fachleuten, P\u00e4dagogen und Trainern gerecht zu werden. <strong>Qualit\u00e4t, Vielseitigkeit und Umweltfreundlichkeit<\/strong> um den Bed\u00fcrfnissen von Fachkr\u00e4ften, P\u00e4dagogen und Coaches gerecht zu werden.<\/p>","protected":false},"excerpt":{"rendered":"<p><strong><strong>Verwandeln Sie Ihre Arbeitsr\u00e4ume in Felder f\u00fcr kollaborative Ideen!<\/strong><\/strong><\/p>\n<p class=\"translation-block\">Die OXGOAL-Blankobl\u00e4tter sind das perfekte Werkzeug, um Besprechungen, Brainstorming-Sitzungen und Schulungen mit Flexibilit\u00e4t und Wiederverwendbarkeit zu beleben.<\/p>\n<p>&nbsp;<\/p>\n<ul>\n<li class=\"translation-block\">\ud83c\udfaf <strong>Perfekte Haftung<\/strong>: Haften auf allen glatten Oberfl\u00e4chen ohne Klebstoff oder R\u00fcckst\u00e4nde.<\/li>\n<li class=\"translation-block\"><strong>\ud83d\udd04 Wiederverwendbar und praktisch<\/strong>: Schreiben, l\u00f6schen und beliebig oft wiederverwenden, ohne Spuren zu hinterlassen.<\/li>\n<li class=\"translation-block\"><strong>\u26a1 Einsatzbereit<\/strong>: Schnelle Installation und vorgestanztes Format f\u00fcr den sofortigen Einsatz.<\/li>\n<li class=\"translation-block\">\ud83e\uddf3 <strong>Praktisches Format<\/strong>: Rolle mit 25 vorgeschnittenen Folien, einfach zu transportieren und kompatibel mit abwischbaren Markern.<\/li>\n<li class=\"translation-block\">strong&gt;\ud83c\udf31 Umweltfreundlich<\/strong>: Aus recycelbarem PET hergestellt, f\u00fcr eine umweltfreundliche L\u00f6sung.\n\nMachen Sie Ihre Besprechungen und Schulungen mit OXGOAL dynamisch und interaktiv. \ud83d\udcdd<\/li>\n<\/ul>","protected":false},"featured_media":2334,"template":"","meta":[],"product_brand":[],"product_cat":[27],"product_tag":[],"class_list":{"0":"post-2333","1":"product","2":"type-product","3":"status-publish","4":"has-post-thumbnail","6":"product_cat-football","7":"product_shipping_class-rouleau-25-feuilles","9":"entry","10":"has-media","12":"first","13":"instock","14":"taxable","15":"shipping-taxable","16":"purchasable","17":"product-type-simple","18":"has-product-nav","19":"col","20":"span_1_of_3","21":"owp-content-center","22":"owp-thumbs-layout-horizontal","23":"owp-btn-big","24":"owp-tabs-layout-horizontal"},"aioseo_notices":[],"_links":{"self":[{"href":"https:\/\/oxgoal.com\/de\/wp-json\/wp\/v2\/product\/2333","targetHints":{"allow":["GET"]}}],"collection":[{"href":"https:\/\/oxgoal.com\/de\/wp-json\/wp\/v2\/product"}],"about":[{"href":"https:\/\/oxgoal.com\/de\/wp-json\/wp\/v2\/types\/product"}],"version-history":[{"count":2,"href":"https:\/\/oxgoal.com\/de\/wp-json\/wp\/v2\/product\/2333\/revisions"}],"predecessor-version":[{"id":4613,"href":"https:\/\/oxgoal.com\/de\/wp-json\/wp\/v2\/product\/2333\/revisions\/4613"}],"wp:featuredmedia":[{"embeddable":true,"href":"https:\/\/oxgoal.com\/de\/wp-json\/wp\/v2\/media\/2334"}],"wp:attachment":[{"href":"https:\/\/oxgoal.com\/de\/wp-json\/wp\/v2\/media?parent=2333"}],"wp:term":[{"taxonomy":"product_brand","embeddable":true,"href":"https:\/\/oxgoal.com\/de\/wp-json\/wp\/v2\/product_brand?post=2333"},{"taxonomy":"product_cat","embeddable":true,"href":"https:\/\/oxgoal.com\/de\/wp-json\/wp\/v2\/product_cat?post=2333"},{"taxonomy":"product_tag","embeddable":true,"href":"https:\/\/oxgoal.com\/de\/wp-json\/wp\/v2\/product_tag?post=2333"}],"curies":[{"name":"wp","href":"https:\/\/api.w.org\/{rel}","templated":true}]}}