{"id":2010,"date":"2024-06-11T02:20:26","date_gmt":"2024-06-11T02:20:26","guid":{"rendered":"https:\/\/www.oxgoal.com\/?page_id=2010"},"modified":"2024-09-06T10:57:53","modified_gmt":"2024-09-06T10:57:53","slug":"blog-oxgoal","status":"publish","type":"page","link":"https:\/\/oxgoal.com\/de\/blog-oxgoal\/","title":{"rendered":"Blog - OXGOAL"},"content":{"rendered":"<div data-elementor-type=\"wp-page\" data-elementor-id=\"2010\" class=\"elementor elementor-2010\" data-elementor-post-type=\"page\">\n\t\t\t\t<div class=\"elementor-element elementor-element-06a46a9 e-flex e-con-boxed e-con e-parent\" data-id=\"06a46a9\" data-element_type=\"container\" data-e-type=\"container\">\n\t\t\t\t\t<div class=\"e-con-inner\">\n\t\t\t\t<div class=\"elementor-element elementor-element-419cb00 elementor-widget elementor-widget-spacer\" data-id=\"419cb00\" data-element_type=\"widget\" data-e-type=\"widget\" data-widget_type=\"spacer.default\">\n\t\t\t\t\t\t\t<div class=\"elementor-spacer\">\n\t\t\t<div class=\"elementor-spacer-inner\"><\/div>\n\t\t<\/div>\n\t\t\t\t\t\t<\/div>\n\t\t\t\t\t<\/div>\n\t\t\t\t<\/div>\n\t\t<div class=\"elementor-element elementor-element-a2be64f e-flex e-con-boxed e-con e-parent\" data-id=\"a2be64f\" data-element_type=\"container\" data-e-type=\"container\">\n\t\t\t\t\t<div class=\"e-con-inner\">\n\t\t\t\t<div class=\"elementor-element elementor-element-e9edebd elementor-widget elementor-widget-heading\" data-id=\"e9edebd\" data-element_type=\"widget\" data-e-type=\"widget\" data-widget_type=\"heading.default\">\n\t\t\t\t\t<h2 class=\"elementor-heading-title elementor-size-default\">Entdecken Sie unsere Artikel im Zusammenhang mit der Umgebung unserer Produkte.<\/h2>\t\t\t\t<\/div>\n\t\t\t\t<div class=\"elementor-element elementor-element-eb82a85 elementor-grid-1 elementor-posts--thumbnail-left elementor-grid-tablet-2 elementor-grid-mobile-1 elementor-widget elementor-widget-posts\" data-id=\"eb82a85\" data-element_type=\"widget\" data-e-type=\"widget\" data-settings=\"{&quot;classic_columns&quot;:&quot;1&quot;,&quot;classic_columns_tablet&quot;:&quot;2&quot;,&quot;classic_columns_mobile&quot;:&quot;1&quot;,&quot;classic_row_gap&quot;:{&quot;unit&quot;:&quot;px&quot;,&quot;size&quot;:35,&quot;sizes&quot;:[]},&quot;classic_row_gap_tablet&quot;:{&quot;unit&quot;:&quot;px&quot;,&quot;size&quot;:&quot;&quot;,&quot;sizes&quot;:[]},&quot;classic_row_gap_mobile&quot;:{&quot;unit&quot;:&quot;px&quot;,&quot;size&quot;:&quot;&quot;,&quot;sizes&quot;:[]}}\" data-widget_type=\"posts.classic\">\n\t\t\t\t<div class=\"elementor-widget-container\">\n\t\t\t\t\t\t\t<div class=\"elementor-posts-container elementor-posts elementor-posts--skin-classic elementor-grid\" role=\"list\">\n\t\t\t\t<article class=\"elementor-post elementor-grid-item post-3678 post type-post status-publish format-standard hentry category-uncategorized entry owp-thumbs-layout-horizontal owp-btn-big owp-tabs-layout-horizontal has-no-thumbnails has-product-nav\" role=\"listitem\">\n\t\t\t\t<div class=\"elementor-post__text\">\n\t\t\t\t<h3 class=\"elementor-post__title\">\n\t\t\t<a href=\"https:\/\/oxgoal.com\/de\/utilisation-feuilles-electrostatiques\/\" >\n\t\t\t\tWie l\u00e4sst sich die Haftung elektrostatischer Folien optimieren?\t\t\t<\/a>\n\t\t<\/h3>\n\t\t\t\t<div class=\"elementor-post__meta-data\">\n\t\t\t\t\t<span class=\"elementor-post-date\">\n\t\t\tDezember 1, 2024\t\t<\/span>\n\t\t\t\t<\/div>\n\t\t\t\t<div class=\"elementor-post__excerpt\">\n\t\t\t<p>Die elektrostatischen Folien von OXGOAL sind ein ideales Werkzeug f\u00fcr Trainer und Fu\u00dfballvereine, mit dem sie ihre Taktiken leicht anzeigen und anpassen k\u00f6nnen. Jedoch,<\/p>\n\t\t<\/div>\n\t\t\n\t\t<a class=\"elementor-post__read-more\" href=\"https:\/\/oxgoal.com\/de\/utilisation-feuilles-electrostatiques\/\" aria-label=\"Mehr \u00fcber Comment optimiser l&rsquo;adh\u00e9rence des feuilles \u00e9lectrostatiques ?\" tabindex=\"-1\" >\n\t\t\tWeiterlesen \u00bb\t\t<\/a>\n\n\t\t\t\t<\/div>\n\t\t\t\t<\/article>\n\t\t\t\t<article class=\"elementor-post elementor-grid-item post-2140 post type-post status-publish format-standard hentry category-uncategorized entry owp-thumbs-layout-horizontal owp-btn-big owp-tabs-layout-horizontal has-no-thumbnails has-product-nav\" role=\"listitem\">\n\t\t\t\t<div class=\"elementor-post__text\">\n\t\t\t\t<h3 class=\"elementor-post__title\">\n\t\t\t<a href=\"https:\/\/oxgoal.com\/de\/evolution-tactique-dans-le-football\/\" >\n\t\t\t\tDie Evolution im Fu\u00dfball: Von der \"Kick and Run\"-Taktik zu \"Tiki-Taka\".\t\t\t<\/a>\n\t\t<\/h3>\n\t\t\t\t<div class=\"elementor-post__meta-data\">\n\t\t\t\t\t<span class=\"elementor-post-date\">\n\t\t\tJuni 20, 2024\t\t<\/span>\n\t\t\t\t<\/div>\n\t\t\t\t<div class=\"elementor-post__excerpt\">\n\t\t\t<p>Einleitung: Fu\u00dfball, der beliebteste Sport der Welt, hat sich im Laufe der Jahre erheblich weiterentwickelt, nicht nur in seinen Regeln, sondern auch<\/p>\n\t\t<\/div>\n\t\t\n\t\t<a class=\"elementor-post__read-more\" href=\"https:\/\/oxgoal.com\/de\/evolution-tactique-dans-le-football\/\" aria-label=\"Mehr \u00fcber L&rsquo;\u00e9volution dans le football : De la tactique  \u00ab\u00a0Kick and Run\u00a0\u00bb au \u00ab\u00a0Tiki-Taka\u00a0\u00bb\" tabindex=\"-1\" >\n\t\t\tWeiterlesen \u00bb\t\t<\/a>\n\n\t\t\t\t<\/div>\n\t\t\t\t<\/article>\n\t\t\t\t<article class=\"elementor-post elementor-grid-item post-2028 post type-post status-publish format-standard hentry category-uncategorized entry owp-thumbs-layout-horizontal owp-btn-big owp-tabs-layout-horizontal has-no-thumbnails has-product-nav\" role=\"listitem\">\n\t\t\t\t<div class=\"elementor-post__text\">\n\t\t\t\t<h3 class=\"elementor-post__title\">\n\t\t\t<a href=\"https:\/\/oxgoal.com\/de\/les-meilleures-causeries-dans-le-football\/\" >\n\t\t\t\tDie besten Plaudereien im Fu\u00dfball\t\t\t<\/a>\n\t\t<\/h3>\n\t\t\t\t<div class=\"elementor-post__meta-data\">\n\t\t\t\t\t<span class=\"elementor-post-date\">\n\t\t\tJuni 11, 2024\t\t<\/span>\n\t\t\t\t<\/div>\n\t\t\t\t<div class=\"elementor-post__excerpt\">\n\t\t\t<p>Einleitung: Fu\u00dfballspiele k\u00f6nnen sich in einem Augenblick wenden, und oft sind es die Worte, die vor oder w\u00e4hrend der Halbzeit gesprochen werden, die<\/p>\n\t\t<\/div>\n\t\t\n\t\t<a class=\"elementor-post__read-more\" href=\"https:\/\/oxgoal.com\/de\/les-meilleures-causeries-dans-le-football\/\" aria-label=\"Mehr \u00fcber Les meilleures causeries dans le football\" tabindex=\"-1\" >\n\t\t\tWeiterlesen \u00bb\t\t<\/a>\n\n\t\t\t\t<\/div>\n\t\t\t\t<\/article>\n\t\t\t\t<\/div>\n\t\t\n\t\t\t\t\t\t<\/div>\n\t\t\t\t<\/div>\n\t\t\t\t<div class=\"elementor-element elementor-element-3216f68 elementor-widget elementor-widget-spacer\" data-id=\"3216f68\" data-element_type=\"widget\" data-e-type=\"widget\" data-widget_type=\"spacer.default\">\n\t\t\t\t\t\t\t<div class=\"elementor-spacer\">\n\t\t\t<div class=\"elementor-spacer-inner\"><\/div>\n\t\t<\/div>\n\t\t\t\t\t\t<\/div>\n\t\t\t\t<div class=\"elementor-element elementor-element-578ff1a elementor-widget elementor-widget-image\" data-id=\"578ff1a\" data-element_type=\"widget\" data-e-type=\"widget\" data-widget_type=\"image.default\">\n\t\t\t\t\t\t\t\t\t\t\t\t\t\t\t<img fetchpriority=\"high\" decoding=\"async\" width=\"1024\" height=\"683\" src=\"https:\/\/oxgoal.com\/wp-content\/uploads\/2024\/09\/Oxgoal1_6-1024x683.jpg\" class=\"attachment-large size-large wp-image-2691\" alt=\"\" srcset=\"https:\/\/oxgoal.com\/wp-content\/uploads\/2024\/09\/Oxgoal1_6-1024x683.jpg 1024w, https:\/\/oxgoal.com\/wp-content\/uploads\/2024\/09\/Oxgoal1_6-300x200.jpg 300w, https:\/\/oxgoal.com\/wp-content\/uploads\/2024\/09\/Oxgoal1_6-768x512.jpg 768w, https:\/\/oxgoal.com\/wp-content\/uploads\/2024\/09\/Oxgoal1_6-1536x1024.jpg 1536w, https:\/\/oxgoal.com\/wp-content\/uploads\/2024\/09\/Oxgoal1_6-2048x1365.jpg 2048w, https:\/\/oxgoal.com\/wp-content\/uploads\/2024\/09\/Oxgoal1_6-600x400.jpg 600w\" sizes=\"(max-width: 1024px) 100vw, 1024px\" \/>\t\t\t\t\t\t\t\t\t\t\t\t\t\t\t<\/div>\n\t\t\t\t<div class=\"elementor-element elementor-element-f454d94 elementor-widget elementor-widget-spacer\" data-id=\"f454d94\" data-element_type=\"widget\" data-e-type=\"widget\" data-widget_type=\"spacer.default\">\n\t\t\t\t\t\t\t<div class=\"elementor-spacer\">\n\t\t\t<div class=\"elementor-spacer-inner\"><\/div>\n\t\t<\/div>\n\t\t\t\t\t\t<\/div>\n\t\t\t\t\t<\/div>\n\t\t\t\t<\/div>\n\t\t<div class=\"elementor-element elementor-element-a57d2c2 e-flex e-con-boxed e-con e-parent\" data-id=\"a57d2c2\" data-element_type=\"container\" data-e-type=\"container\">\n\t\t\t\t\t<div class=\"e-con-inner\">\n\t\t\t\t\t<\/div>\n\t\t\t\t<\/div>\n\t\t\t\t<\/div>","protected":false},"excerpt":{"rendered":"<p>D\u00e9couvrez nos articles en lien avec l&rsquo;environnement de nos produits<\/p>","protected":false},"author":3,"featured_media":0,"parent":0,"menu_order":0,"comment_status":"closed","ping_status":"closed","template":"","meta":{"footnotes":""},"class_list":["post-2010","page","type-page","status-publish","hentry","entry","owp-thumbs-layout-horizontal","owp-btn-big","owp-tabs-layout-horizontal","has-no-thumbnails","has-product-nav"],"aioseo_notices":[],"_links":{"self":[{"href":"https:\/\/oxgoal.com\/de\/wp-json\/wp\/v2\/pages\/2010","targetHints":{"allow":["GET"]}}],"collection":[{"href":"https:\/\/oxgoal.com\/de\/wp-json\/wp\/v2\/pages"}],"about":[{"href":"https:\/\/oxgoal.com\/de\/wp-json\/wp\/v2\/types\/page"}],"author":[{"embeddable":true,"href":"https:\/\/oxgoal.com\/de\/wp-json\/wp\/v2\/users\/3"}],"replies":[{"embeddable":true,"href":"https:\/\/oxgoal.com\/de\/wp-json\/wp\/v2\/comments?post=2010"}],"version-history":[{"count":0,"href":"https:\/\/oxgoal.com\/de\/wp-json\/wp\/v2\/pages\/2010\/revisions"}],"wp:attachment":[{"href":"https:\/\/oxgoal.com\/de\/wp-json\/wp\/v2\/media?parent=2010"}],"curies":[{"name":"wp","href":"https:\/\/api.w.org\/{rel}","templated":true}]}}